{"id":80,"date":"2021-12-28T17:09:38","date_gmt":"2021-12-28T17:09:38","guid":{"rendered":"http:\/\/hausarztpraxis-leon.de\/?page_id=80"},"modified":"2025-09-11T12:54:06","modified_gmt":"2025-09-11T12:54:06","slug":"datenschutzerklaerung","status":"publish","type":"page","link":"https:\/\/hausarztpraxis-leon.de\/?page_id=80","title":{"rendered":"Datenschutzerkl\u00e4rung"},"content":{"rendered":"\n<h2 class=\"wp-block-heading\">Die Adresse unserer Website ist: https:\/\/hausarztpraxis-leon.de.<\/h2>\n\n\n\n<p>Wir nehmen den Schutz Ihrer pers\u00f6nlichen Daten sehr ernst. Personenbezogene Daten sind zur einfachen Nutzung unseres Angebots nicht n\u00f6tig. Unter personenbezogenen Informationen versteht man Informationen, die Ihre Identit\u00e4t offen legen \u2013 wie z. B. Ihr richtiger Name, Ihre Anschrift, Telefonnummer und Email-Adresse.<\/p>\n\n\n\n<p>Bei jedem Zugriff eines Nutzers auf unsere Webseiten werden tempor\u00e4r Daten automatisiert \u00fcber den Besucher erfasst und in Logfiles gespeichert. Die IP-Adresse der Besucher Ihrer Webseite speichert unser Provider zur Erkennung und Abwehr von m\u00f6glichen Angriffen und um die Stabilit\u00e4t und Sicherheit im Allgemeinen zu gew\u00e4hrleisten. Folgende Daten werden erfasst und bis zur automatisierten L\u00f6schung gespeichert:<\/p>\n\n\n\n<ul class=\"wp-block-list\"><li>IP-Adresse des anfragenden Rechners<\/li><li>Datum und Uhrzeit des Zugriffs<\/li><li>Name und URL der abgerufenen Datei<\/li><li>Zugriffsstatus (http-Status)<\/li><li>\u00dcbertragende Datenmenge<\/li><li>Erkennungsdaten des verwendeten Browser- und Betriebssystems<\/li><li>Webseite, von der aus der Zugriff erfolgt<\/li><li>Name Ihres Internet-Zugangs-Providers <\/li><\/ul>\n\n\n\n<p>Weitere personenbezogene Daten werden nur erfasst, wenn Sie diese Angaben freiwillig, etwa im Rahmen einer Email-Anfrage oder Bestellung machen. Um eine unn\u00f6tige Datenspeicherung zu vermeiden l\u00f6schen wir diese baldigst nach Erledigung des Vorganges.&nbsp;Ihre E-Mail-Adresse wird von uns ausschlie\u00dflich dazu verwendet, um Ihnen zu antworten beziehungsweise mit Ihnen in Kontakt zu treten. Ihre E-Mail-Adresse wird dann unter Umst\u00e4nden in einem E-Mail-Adressbuch gespeichert, aber nicht an Dritte weitergegeben.<\/p>\n\n\n\n<h1 class=\"wp-block-heading\">&nbsp;Kommentare<\/h1>\n\n\n\n<p>Wenn Besucher Kommentare auf der Website schreiben, sammeln wir die Daten, die im Kommentar-Formular angezeigt werden, au\u00dferdem die IP-Adresse des Besuchers und den User-Agent-String (damit wird der Browser identifiziert), um die Erkennung von Spam zu unterst\u00fctzen.<\/p>\n\n\n\n<p>Aus Ihrer E-Mail-Adresse kann eine anonymisierte Zeichenfolge erstellt (auch Hash genannt) und dem Gravatar-Dienst \u00fcbergeben werden, um zu pr\u00fcfen, ob Sie diesen benutzen. Die Datenschutzerkl\u00e4rung des Gravatar-Dienstes finden Sie hier: https:\/\/automattic.com\/privacy\/. Nachdem Ihr Kommentar freigegeben wurde, ist Ihr Profilbild \u00f6ffentlich im Kontext deines Kommentars sichtbar.<\/p>\n\n\n\n<h2 class=\"wp-block-heading\">Cookies<\/h2>\n\n\n\n<p>Wenn Sie einen Kommentar auf unserer Website schreiben, kann das eine Einwilligung sein, Ihren Namen, E-Mail-Adresse und Website in Cookies zu speichern. Dies ist eine Komfortfunktion, damit Sie nicht, wenn Sie einen weiteren Kommentar schreiben, all diese Daten erneut eingeben m\u00fcssen. Diese Cookies werden ein Jahr lang gespeichert.<\/p>\n\n\n\n<p>FallsSie ein Konto haben und sich auf dieser Website anmelden, werden wir ein tempor\u00e4res Cookie setzen, um festzustellen, ob Ihr Browser Cookies akzeptiert. Dieses Cookie enth\u00e4lt keine personenbezogenen Daten und wird verworfen, wenn Sie ihren Browser schlie\u00dfen.<\/p>\n\n\n\n<p>Wenn Sie sich anmelden, werden wir einige Cookies einrichten, um Ihre Anmeldeinformationen und Anzeigeoptionen zu speichern. Anmelde-Cookies verfallen nach zwei Tagen und Cookies f\u00fcr die Anzeigeoptionen nach einem Jahr. Falls Sie bei der Anmeldung \u201eAngemeldet bleiben\u201c ausw\u00e4hlen, wird Ihre Anmeldung zwei Wochen lang aufrechterhalten. Mit der Abmeldung aus Ihrem Konto werden die Anmelde-Cookies gel\u00f6scht.<\/p>\n\n\n\n<p><\/p>\n\n\n\n<h2 class=\"wp-block-heading\">Eingebettete Inhalte von anderen Websites<\/h2>\n\n\n\n<p>Beitr\u00e4ge auf dieser Website k\u00f6nnen eingebettete Inhalte beinhalten (z.&nbsp;B. Videos, Bilder, Beitr\u00e4ge etc.). Eingebettete Inhalte von anderen Websites verhalten sich exakt so, als ob der Besucher die andere Website besucht h\u00e4tte.<\/p>\n\n\n\n<p>Diese Websites k\u00f6nnen Daten \u00fcber Sie sammeln, Cookies benutzen, zus\u00e4tzliche Tracking-Dienste von Dritten einbetten und Ihre Interaktion mit diesem eingebetteten Inhalt aufzeichnen, inklusive deiner Interaktion mit dem eingebetteten Inhalt, falls Sie ein Konto haben und auf dieser Website angemeldet sind.<\/p>\n\n\n\n<p>Wenn Sie einen Kommentar schreiben, wird dieser inklusive Metadaten zeitlich unbegrenzt gespeichert. Auf diese Art k\u00f6nnen wir Folgekommentare automatisch erkennen und freigeben, anstatt sie in einer Moderations-Warteschlange festzuhalten.<\/p>\n\n\n\n<p><\/p>\n\n\n\n<h2 class=\"wp-block-heading\">Welche Rechte Sie an ihren Daten haben<\/h2>\n\n\n\n<p>Wenn Sie Kommentare geschrieben haben, k\u00f6nnen Sie einen Export Ihrer personenbezogenen Daten bei uns anfordern, inklusive aller Daten, die Sie uns mitgeteilt haben. Dar\u00fcber hinaus k\u00f6nnen Sie die L\u00f6schung aller personenbezogenen Daten, die wir von Ihnen gespeichert haben, anfordern. Dies umfasst nicht die Daten, die wir aufgrund administrativer, rechtlicher oder sicherheitsrelevanter Notwendigkeiten aufbewahren m\u00fcssen.<\/p>\n\n\n\n<h2 class=\"wp-block-heading\">Wohin wir Ihre Daten senden<\/h2>\n\n\n\n<p>Besucher-Kommentare k\u00f6nnten von einem automatisierten Dienst zur Spam-Erkennung untersucht werden.<\/p>\n","protected":false},"excerpt":{"rendered":"<p>Die Adresse unserer Website ist: https:\/\/hausarztpraxis-leon.de. Wir nehmen den Schutz Ihrer pers\u00f6nlichen Daten sehr ernst. Personenbezogene Daten sind zur einfachen Nutzung unseres Angebots nicht n\u00f6tig. Unter personenbezogenen Informationen versteht man Informationen, die Ihre Identit\u00e4t offen legen \u2013 wie z. B. Ihr richtiger Name, Ihre Anschrift, Telefonnummer und Email-Adresse. Bei jedem Zugriff eines Nutzers auf unsere [&hellip;]<\/p>\n","protected":false},"author":1,"featured_media":0,"parent":0,"menu_order":0,"comment_status":"closed","ping_status":"closed","template":"","meta":{"footnotes":""},"class_list":["post-80","page","type-page","status-publish","hentry","post"],"jetpack_sharing_enabled":true,"_links":{"self":[{"href":"https:\/\/hausarztpraxis-leon.de\/index.php?rest_route=\/wp\/v2\/pages\/80","targetHints":{"allow":["GET"]}}],"collection":[{"href":"https:\/\/hausarztpraxis-leon.de\/index.php?rest_route=\/wp\/v2\/pages"}],"about":[{"href":"https:\/\/hausarztpraxis-leon.de\/index.php?rest_route=\/wp\/v2\/types\/page"}],"author":[{"embeddable":true,"href":"https:\/\/hausarztpraxis-leon.de\/index.php?rest_route=\/wp\/v2\/users\/1"}],"replies":[{"embeddable":true,"href":"https:\/\/hausarztpraxis-leon.de\/index.php?rest_route=%2Fwp%2Fv2%2Fcomments&post=80"}],"version-history":[{"count":3,"href":"https:\/\/hausarztpraxis-leon.de\/index.php?rest_route=\/wp\/v2\/pages\/80\/revisions"}],"predecessor-version":[{"id":108,"href":"https:\/\/hausarztpraxis-leon.de\/index.php?rest_route=\/wp\/v2\/pages\/80\/revisions\/108"}],"wp:attachment":[{"href":"https:\/\/hausarztpraxis-leon.de\/index.php?rest_route=%2Fwp%2Fv2%2Fmedia&parent=80"}],"curies":[{"name":"wp","href":"https:\/\/api.w.org\/{rel}","templated":true}]}}