{"id":14,"date":"2021-12-28T14:00:13","date_gmt":"2021-12-28T14:00:13","guid":{"rendered":"http:\/\/hausarztpraxis-leon.de\/?page_id=14"},"modified":"2025-11-25T10:57:57","modified_gmt":"2025-11-25T10:57:57","slug":"kontakt","status":"publish","type":"page","link":"https:\/\/hausarztpraxis-leon.de\/?page_id=14","title":{"rendered":"Kontakt und Rezepte"},"content":{"rendered":"\n<p><\/p>\n\n\n<style>.kb-row-layout-id14_e40c2c-c2 > .kt-row-column-wrap{align-content:start;}:where(.kb-row-layout-id14_e40c2c-c2 > .kt-row-column-wrap) > .wp-block-kadence-column{justify-content:start;}.kb-row-layout-id14_e40c2c-c2 > .kt-row-column-wrap{column-gap:80px;row-gap:var(--global-kb-gap-md, 2rem);max-width:720px;padding-top:80px;padding-bottom:80px;grid-template-columns:minmax(0, calc(58.5% - ((80px * 1 )\/2)))minmax(0, calc(41.5% - ((80px * 1 )\/2)));}.kb-row-layout-id14_e40c2c-c2 > .kt-row-layout-overlay{opacity:0.30;}@media all and (max-width: 1024px){.kb-row-layout-id14_e40c2c-c2 > .kt-row-column-wrap{grid-template-columns:minmax(0, 2fr) minmax(0, 1fr);}}@media all and (max-width: 767px){.kb-row-layout-id14_e40c2c-c2 > .kt-row-column-wrap{grid-template-columns:minmax(0, 1fr);}}<\/style><div class=\"kb-row-layout-wrap kb-row-layout-id14_e40c2c-c2 alignnone wp-block-kadence-rowlayout\"><div class=\"kt-row-column-wrap kt-has-2-columns kt-row-layout-left-golden kt-tab-layout-inherit kt-mobile-layout-row kt-row-valign-top kb-theme-content-width\">\n<style>.kadence-column14_20c3d7-95 > .kt-inside-inner-col{padding-top:40px;padding-right:40px;padding-bottom:40px;padding-left:40px;}.kadence-column14_20c3d7-95 > .kt-inside-inner-col,.kadence-column14_20c3d7-95 > .kt-inside-inner-col:before{border-top-left-radius:10px;border-top-right-radius:10px;border-bottom-right-radius:10px;border-bottom-left-radius:10px;}.kadence-column14_20c3d7-95 > .kt-inside-inner-col{column-gap:var(--global-kb-gap-sm, 1rem);}.kadence-column14_20c3d7-95 > .kt-inside-inner-col{flex-direction:column;}.kadence-column14_20c3d7-95 > .kt-inside-inner-col > .aligncenter{width:100%;}.kadence-column14_20c3d7-95 > .kt-inside-inner-col{background-color:#eded17;}.kadence-column14_20c3d7-95:hover > .kt-inside-inner-col{background-color:#fcb900;background-image:none;}.kadence-column14_20c3d7-95 > .kt-inside-inner-col:before{opacity:0.3;}.kadence-column14_20c3d7-95, .kadence-column14_20c3d7-95 h1, .kadence-column14_20c3d7-95 h2, .kadence-column14_20c3d7-95 h3, .kadence-column14_20c3d7-95 h4, .kadence-column14_20c3d7-95 h5, .kadence-column14_20c3d7-95 h6{color:#000000;}.kadence-column14_20c3d7-95 a{color:#000000;}.kadence-column14_20c3d7-95 a:hover{color:#000000;}.kadence-column14_20c3d7-95{position:relative;}@media all and (max-width: 1024px){.kadence-column14_20c3d7-95 > .kt-inside-inner-col{flex-direction:column;justify-content:center;}}@media all and (max-width: 767px){.kadence-column14_20c3d7-95 > .kt-inside-inner-col{flex-direction:column;justify-content:center;}}<\/style>\n<div class=\"wp-block-kadence-column kadence-column14_20c3d7-95 inner-column-1\"><div class=\"kt-inside-inner-col\"><style>.kadence-form-14_fc5487-9b .kb-form .kadence-blocks-form-field .kb-text-style-field, .kadence-form-14_fc5487-9b .kb-form .kadence-blocks-form-field .kb-select-style-field{color:var(--global-palette5, #4A5568);font-size:16px;line-height:22px;background:var(--global-palette9, #ffffff);border-color:rgba(113, 128, 150, 0.1);}.kadence-form-14_fc5487-9b .kb-form .kadence-blocks-form-field .kb-text-style-field:focus, .kadence-form-14_fc5487-9b .kb-form .kadence-blocks-form-field .kb-select-style-field:focus{color:var(--global-palette4, #2D3748);border-color:var(--global-palette5, #4A5568);background:var(--global-palette9, #ffffff);}.kadence-form-14_fc5487-9b .kb-form .kadence-blocks-form-field .kb-forms-submit{color:#ffffff;border-radius:5px;background:var(--global-palette1, #3182CE);}.kadence-form-14_fc5487-9b .kb-form .kadence-blocks-form-field .kb-forms-submit:hover, .kadence-form-14_fc5487-9b .kb-form .kadence-blocks-form-field .kb-forms-submit:focus {color:#1a202c;background:var(--global-palette2, #2B6CB0);}.kb-form input.kadence-blocks-field.verify{opacity:0.0;position:absolute;top:0.0;left:0.0;width:0.0;height:0.0;z-index:-1;}<\/style>\n<div class=\"wp-block-kadence-form kadence-form-14_fc5487-9b kb-form-wrap\"><form class=\"kb-form\" action=\"\" method=\"post\"><div class=\"kadence-blocks-form-field kb-field-desk-width-100 kb-input-size-standard\"><input name=\"kb_field_0\" id=\"kb_field_14_fc5487-9b_0\" data-label=\"Name\" type=\"text\" placeholder=\"Vor-und Zuname\" value=\"\" data-type=\"text\" class=\"kb-field kb-text-style-field kb-text-field kb-field-0\"\/><\/div><div class=\"kadence-blocks-form-field kb-form-field-1 kb-field-desk-width-100 kb-input-size-standard\"><input name=\"kb_field_1\" id=\"kb_field_14_fc5487-9b_1\" data-label=\"Email\" type=\"email\" placeholder=\"Email\" value=\"\" data-type=\"email\" class=\"kb-field kb-text-style-field kb-email-field kb-field-1\" data-required=\"yes\"\/><\/div><div class=\"kadence-blocks-form-field kb-form-field-2 kb-field-desk-width-100 kb-input-size-standard\"><input name=\"kb_field_2\" id=\"kb_field_14_fc5487-9b_2\" data-label=\"Phone\" type=\"text\" placeholder=\"Telefon\" value=\"\" data-type=\"text\" class=\"kb-field kb-text-style-field kb-text-field kb-field-2\" data-required=\"yes\"\/><\/div><div class=\"kadence-blocks-form-field kb-form-field-3 kb-field-desk-width-100 kb-input-size-standard\"><textarea name=\"kb_field_3\" id=\"kb_field_14_fc5487-9b_3\" data-label=\"Message\" type=\"textarea\" placeholder=\"Ihr Text....\" data-type=\"textarea\" class=\"kb-field kb-text-style-field kb-textarea-field kb-field-3\" rows=\"4\" data-required=\"yes\"><\/textarea><span class=\"kb-field-help\">Wenn Sie ein Wiederholungsrzept bestellen m\u00f6cnten, geben Sie bitte den WIRKSTOFF und die DOSIERUNG an. <\/span><\/div><input type=\"hidden\" name=\"_kb_form_id\" value=\"14_fc5487-9b\"\/><input type=\"hidden\" name=\"_kb_form_post_id\" value=\"14\"\/><input type=\"hidden\" name=\"action\" value=\"kb_process_ajax_submit\"\/><label class=\"kadence-verify-label\">Email<input class=\"kadence-blocks-field verify\" type=\"text\" name=\"_kb_verify_email\" autocomplete=\"new-password\" aria-hidden=\"true\" placeholder=\"Email\" tabindex=\"-1\" data-1p-ignore=\"true\" data-lpignore=\"true\" \/><\/label><div class=\"kadence-blocks-form-field kb-submit-field kb-field-desk-width-100\"><button class=\"kb-forms-submit button kb-button-size-standard kb-button-width-auto\">Kontaktieren<\/button><\/div><\/form><\/div>\n<noscript><div class=\"kadence-blocks-form-message kadence-blocks-form-warning\">Bitte aktiviere JavaScript in deinem Browser, um dieses Formular fertigzustellen.<\/div><style>.kadence-form-14_fc5487-9b .kadence-blocks-form-field.kb-submit-field { display: none; }<\/style><\/noscript><\/div><\/div>\n\n\n<style>.kadence-column14_603d18-fa > .kt-inside-inner-col,.kadence-column14_603d18-fa > .kt-inside-inner-col:before{border-top-left-radius:0px;border-top-right-radius:0px;border-bottom-right-radius:0px;border-bottom-left-radius:0px;}.kadence-column14_603d18-fa > .kt-inside-inner-col{column-gap:var(--global-kb-gap-sm, 1rem);}.kadence-column14_603d18-fa > .kt-inside-inner-col{flex-direction:column;}.kadence-column14_603d18-fa > .kt-inside-inner-col > .aligncenter{width:100%;}.kadence-column14_603d18-fa > .kt-inside-inner-col:before{opacity:0.3;}.kadence-column14_603d18-fa{position:relative;}@media all and (max-width: 1024px){.kadence-column14_603d18-fa > .kt-inside-inner-col{flex-direction:column;justify-content:center;}}@media all and (max-width: 767px){.kadence-column14_603d18-fa > .kt-inside-inner-col{flex-direction:column;justify-content:center;}}<\/style>\n<div class=\"wp-block-kadence-column kadence-column14_603d18-fa inner-column-2\"><div class=\"kt-inside-inner-col\"><style>.wp-block-kadence-advancedheading.kt-adv-heading14_5564de-5a, .wp-block-kadence-advancedheading.kt-adv-heading14_5564de-5a[data-kb-block=\"kb-adv-heading14_5564de-5a\"]{margin-bottom:30px;text-align:left;font-size:38px;line-height:1.3em;font-style:normal;}.wp-block-kadence-advancedheading.kt-adv-heading14_5564de-5a mark.kt-highlight, .wp-block-kadence-advancedheading.kt-adv-heading14_5564de-5a[data-kb-block=\"kb-adv-heading14_5564de-5a\"] mark.kt-highlight{font-style:normal;color:#f76a0c;-webkit-box-decoration-break:clone;box-decoration-break:clone;padding-top:0px;padding-right:0px;padding-bottom:0px;padding-left:0px;}.wp-block-kadence-advancedheading.kt-adv-heading14_5564de-5a img.kb-inline-image, .wp-block-kadence-advancedheading.kt-adv-heading14_5564de-5a[data-kb-block=\"kb-adv-heading14_5564de-5a\"] img.kb-inline-image{width:150px;vertical-align:baseline;}@media all and (max-width: 767px){.wp-block-kadence-advancedheading.kt-adv-heading14_5564de-5a, .wp-block-kadence-advancedheading.kt-adv-heading14_5564de-5a[data-kb-block=\"kb-adv-heading14_5564de-5a\"]{font-size:30px;}}<\/style>\n<h2 class=\"kt-adv-heading14_5564de-5a wp-block-kadence-advancedheading\" data-kb-block=\"kb-adv-heading14_5564de-5a\">Schreiben Sie uns, wenn Sie Fragen haben!<\/h2>\n\n\n\n<p style=\"font-size:20px\">Sie k\u00f6nnen uns gerne ihre Fragen stellen. Au\u00dferdem k\u00f6nnen Sie uns eine Nachricht per Mail schicken, wenn sie ein Wiederholungsrezept brauchen. Ein Wiederholungsrezept ist ein Medikament, das sie VON UNS schon lange bekommen. Bitte haben Sie Verst\u00e4ndnis, daf\u00fcr, dass wir keine medizinische Beratung per Mail gew\u00e4hrleisten k\u00f6nnen. Au\u00dferdem k\u00f6nnen wir auch keine konkreten Terminanfragen per Mail beantworten, daf\u00fcr bitte Sie uns gerne um telefonsiche Kontaktaufnahme und hinterlassen ihre Nummer! Vielen Dank.<\/p>\n<\/div><\/div>\n\n<\/div><\/div>\n\n\n<p><\/p>\n","protected":false},"excerpt":{"rendered":"<p>Schreiben Sie uns, wenn Sie Fragen haben! Sie k\u00f6nnen uns gerne ihre Fragen stellen. Au\u00dferdem k\u00f6nnen Sie uns eine Nachricht per Mail schicken, wenn sie ein Wiederholungsrezept brauchen. Ein Wiederholungsrezept ist ein Medikament, das sie VON UNS schon lange bekommen. Bitte haben Sie Verst\u00e4ndnis, daf\u00fcr, dass wir keine medizinische Beratung per Mail gew\u00e4hrleisten k\u00f6nnen. Au\u00dferdem [&hellip;]<\/p>\n","protected":false},"author":1,"featured_media":0,"parent":0,"menu_order":0,"comment_status":"closed","ping_status":"closed","template":"","meta":{"footnotes":""},"class_list":["post-14","page","type-page","status-publish","hentry","post"],"jetpack_sharing_enabled":true,"_links":{"self":[{"href":"https:\/\/hausarztpraxis-leon.de\/index.php?rest_route=\/wp\/v2\/pages\/14","targetHints":{"allow":["GET"]}}],"collection":[{"href":"https:\/\/hausarztpraxis-leon.de\/index.php?rest_route=\/wp\/v2\/pages"}],"about":[{"href":"https:\/\/hausarztpraxis-leon.de\/index.php?rest_route=\/wp\/v2\/types\/page"}],"author":[{"embeddable":true,"href":"https:\/\/hausarztpraxis-leon.de\/index.php?rest_route=\/wp\/v2\/users\/1"}],"replies":[{"embeddable":true,"href":"https:\/\/hausarztpraxis-leon.de\/index.php?rest_route=%2Fwp%2Fv2%2Fcomments&post=14"}],"version-history":[{"count":8,"href":"https:\/\/hausarztpraxis-leon.de\/index.php?rest_route=\/wp\/v2\/pages\/14\/revisions"}],"predecessor-version":[{"id":439,"href":"https:\/\/hausarztpraxis-leon.de\/index.php?rest_route=\/wp\/v2\/pages\/14\/revisions\/439"}],"wp:attachment":[{"href":"https:\/\/hausarztpraxis-leon.de\/index.php?rest_route=%2Fwp%2Fv2%2Fmedia&parent=14"}],"curies":[{"name":"wp","href":"https:\/\/api.w.org\/{rel}","templated":true}]}}