{"id":13,"date":"2021-12-28T14:00:13","date_gmt":"2021-12-28T14:00:13","guid":{"rendered":"http:\/\/hausarztpraxis-leon.de\/?page_id=13"},"modified":"2026-02-16T15:44:51","modified_gmt":"2026-02-16T15:44:51","slug":"leistungen","status":"publish","type":"page","link":"https:\/\/hausarztpraxis-leon.de\/?page_id=13","title":{"rendered":"Leistungen"},"content":{"rendered":"\n<h2 class=\"wp-block-heading\">Diagnostik<\/h2>\n\n\n\n<p>Wir bieten Ihnen eine vollst\u00e4ndige allgemeinmedizinische Diagnostik inklusive aller g\u00e4ngigen Vorsorgeuntersuchungen an. Au\u00dferdem verf\u00fcgen wir \u00fcber die Zusatzweiterbildung zur Akupunktur und durch unsere gef\u00e4\u00dfmedizinische Expertise \u00fcber erweiterte Diagnostikm\u00f6glichkeiten.<\/p>\n\n\n\n<ul class=\"wp-block-list\">\n<li>alle g\u00e4ngigen <strong>Blut- und Stuhluntersuchungen, Urin-, Zucker- und Gerinnungsbestimmung<\/strong> zur \u00dcberwachung ihrer individuellen Therapie<\/li>\n\n\n\n<li><strong>EKG<\/strong>&nbsp;zur Erkennung von Herz- und Rhythmusst\u00f6rungen<\/li>\n\n\n\n<li><strong>Belastungs-EKG<\/strong> (Ergometrie)&nbsp;bei Verdacht oder zum Ausschlu\u00df von Herzkranzgef\u00e4\u00dfverengungen<\/li>\n\n\n\n<li><strong>Langzeit-Blutdruckmessung<\/strong>&nbsp;bei erh\u00f6hten Blutdruck<\/li>\n\n\n\n<li><strong>Langzeit-EKG <\/strong>Aufzeichnung zur Erkennung von Herzrhythmusst\u00f6rungen<\/li>\n\n\n\n<li><strong>Lungenfunktionsdiagnostik<\/strong>&nbsp;zur Erkennung und im Behandlungsverlauf von Lungenerkrankungen<\/li>\n\n\n\n<li>umfassende <strong>Ultraschalldiagnostik <\/strong>der Bauchorgane, der Schilddr\u00fcse, der ableitenden Harnwege, der Halsschlagadern, s\u00e4mtlicher Schlagadern der Arme und Beine sowie der Bauchschlagader und der Venen der Arme und Beine<\/li>\n\n\n\n<li><strong>Checkup<\/strong>: alle 3 Jahre im Rahmen der Vorsorge der gesetzlichen Krankenkassen <\/li>\n\n\n\n<li><strong>Krebsvorsorge:<\/strong> f\u00fcr M\u00e4nner ab 45 Jahren <\/li>\n\n\n\n<li><strong>Hautkrebsscreening:<\/strong> ab 35 Jahren alle 2 Jahre im Rahmen der Vorsorge der gesetzlichen Krankenkasse<\/li>\n\n\n\n<li><strong>Akupunktur:<\/strong> bei ausgew\u00e4hlten Indikationen und einigen chronischen Erkrankungen im Rahmen der gesetzlichen Krankenkasse<\/li>\n\n\n\n<li><strong>Manuelle Medizin:<\/strong> behandelt Schmerzen und behebbare Funktionsst\u00f6rungen des Bewegungssystems, die durch bestimmte Techniken oder Training beseitigt werden k\u00f6nnen<\/li>\n\n\n\n<li><strong>Darmkrebsvorsorge:<\/strong> ab 50 Jahren wahlweise durch eine Koloskopie (Darmspiegelung) mit einer weiteren nach 10 Jahren oder durch einen Schnelltest auf Blut im Stuhl alle 2 Jahre im Rahmen der gesetzlichen Vorsorge<\/li>\n\n\n\n<li><strong>DMP:<\/strong> &#8222;Disease Management Programme&#8220; f\u00fcr die Erkrankungen Koronare Herzerkrankung (KHK), Chronisch-obstruktive Bronchitis (COPD), Diabetes mellitus und Asthma<\/li>\n\n\n\n<li><strong>Impfungen: <\/strong>wir bieten Ihnen alle g\u00e4ngigen Impfungen und Reiseimpfungen, f\u00fcr die Gelbfieber-Impfung wenden Sie sich bitte an die Gelbfieber-Impfstelle. Wir informieren Sie dazu gerne.<\/li>\n\n\n\n<li><strong>Hyposensibilisierungsbehandlungen<\/strong> f\u00fcr g\u00e4ngige Allergene wie Hausstaubmilben, Pollen und Tierhaare<\/li>\n\n\n\n<li><strong>Jugendvorsorgeuntersuchungen<\/strong> (J1 und J2) im Rahmen der Vorsorge der gesetzlichen Krankenkasse<\/li>\n<\/ul>\n\n\n\n<h2 class=\"wp-block-heading\">Private Gesundheitsleistungen (IGeL)<\/h2>\n\n\n\n<ul class=\"wp-block-list\">\n<li>Blutuntersuchungen nach Ihren W\u00fcnschen, z. B. Vitaminstatus, Corona-Antik\u00f6rper, etc. &#8211; wir beraten Sie gerne, sprechen Sie uns an!&nbsp;<\/li>\n\n\n\n<li>Allergietestung auf g\u00e4ngige Allergene<\/li>\n\n\n\n<li>F\u00fchrerscheinuntersuchungen und Fahrtauglichkeitsuntersuchungen<\/li>\n\n\n\n<li>Akupunktur<\/li>\n\n\n\n<li>Manuelle Medizin<\/li>\n\n\n\n<li>Reisemedizinische Beratung<\/li>\n\n\n\n<li>Sporttauglichkeitszeugnis<\/li>\n\n\n\n<li>Tauchmedizinische Untersuchung<\/li>\n\n\n\n<li>Sklerotherapie bei Besenrei\u00dfern und Krampfaderleiden<\/li>\n\n\n\n<li>Taping bei schmerzhaften Bewegungseinschr\u00e4nkungen<\/li>\n\n\n\n<li>weitere Vorsorgeleistungen nach Wunsch &#8211; sprechen Sie uns an!<\/li>\n\n\n\n<li><strong><em>als Selbstzahlerleistung bieten wir au\u00dferdem die gesamte gef\u00e4\u00dfchirurgische Diagnostik und Therapie an!<\/em><\/strong><\/li>\n<\/ul>\n\n\n\n<h2 class=\"wp-block-heading\">Therapie<\/h2>\n\n\n\n<p>In unserer Praxis werden wir Sie <strong>nach dem aktuellen Stand der Medizin<\/strong> beraten und kompetent behandeln. Wir bieten Ihnen alle g\u00e4ngigen allgemeinmedizinischen <strong>schulmedizinischen Behandlungsverfahren.<\/strong> Au\u00dferdem k\u00f6nnen wir Ihnen eine <strong>umf\u00e4ngliche Wundversorgung<\/strong> <strong>akuter ebenso wie chronischer Wunden<\/strong> bieten, auch nach chirurgischen Eingriffen. <\/p>\n\n\n\n<p><strong>Kleine chirurgische Eingriffe <\/strong>k\u00f6nnen wir in unserer Praxis selbstverst\u00e4ndlich auch vornehmen.<\/p>\n\n\n\n<p>Notwendige, in der Praxis durchf\u00fchrbare <strong>Infusionen und Injektionen<\/strong> bieten wir selbstverst\u00e4ndlich an. <\/p>\n\n\n\n<p>Bei Schmerzzust\u00e4nden bieten wir Ihnen <strong>Reizstrom, Iontophorese und Infrarot-W\u00e4rmebestrahlungen<\/strong> an.<\/p>\n\n\n\n<p>Die <strong>Akupunktur<\/strong>&nbsp;versucht das Gleichgewicht Ihres K\u00f6rpers wiederherzustellen. Geeignete Krankheitsbilder: R\u00fccken- und Gelenkschmerzen, Tennis- und Golfellbogen, Stre\u00dferkrankungen, verst\u00e4rktes Schwitzen, Kopfschmerzen, Migr\u00e4ne, Schwindel. F\u00fcr einige Indikationen besteht die M\u00f6glichkeit der Kosten\u00fcbernahme durch die Krankenkasse, da diese ihren Nutzen in Studien hinreichend belegt haben. Sprechen Sie uns an, wir beraten Sie gerne!<\/p>\n\n\n\n<p>Frau Watermeyer bietet Ihnen bei Schmerzen des Muskel- und Skelettsystems die <strong>Manuelle Medizin<\/strong> an, die nach reversiblen Funktionsst\u00f6rungen im Bewegungsapparat fahndet und diese mit verschiedenen mobilisierenden und amanipulativen Techniken l\u00f6st. Dies kann im Rahmen eines ganzheitlichen Schmerzkonzeptes eine sehr erfoglreiche Erg\u00e4nzung des Behandlungskonzeptes sein. Hierf\u00fcr gibt es eine \u00dcbernahme durch Ihre gesetzliche Krankenkasse. <\/p>\n\n\n\n<p><\/p>\n\n\n\n<p><strong>Naturheilkundliche Verfahren<\/strong><\/p>\n\n\n\n<p>Phythotherapien helfen bei vielen Erkrankungen Symptome zu lindern und Beschwerden zu kurieren.&nbsp;Auch hier bieten wir Ihnen kompetente Beratung und unsere Unterst\u00fctzung Ihres Heilungsprozesses durch bew\u00e4hrte naturheilkundliche Ans\u00e4tze.<\/p>\n\n\n\n<p><strong>Gef\u00e4\u00dfchirurgie<\/strong><\/p>\n\n\n\n<p>Als Fach\u00e4rztin f\u00fcr Gef\u00e4\u00dfchirurgie bietet Ihnen Frau Watermeyer s\u00e4mtliche gef\u00e4\u00dfchirurgische Basis-Diagnostik und Therapie an, dies als privat\u00e4rztliche Leistung mit einer Rechnung nach GO\u00c4.<\/p>\n\n\n\n<p><\/p>\n\n\n\n<h2 class=\"wp-block-heading\"><strong><em>Akademische Lehrpraxis<span style=\"text-decoration: underline;\"><\/span><\/em><\/strong><\/h2>\n\n\n\n<figure class=\"wp-block-image size-large is-resized\"><img loading=\"lazy\" decoding=\"async\" width=\"724\" height=\"1024\" src=\"https:\/\/hausarztpraxis-leon.de\/wp-content\/uploads\/2024\/04\/Scan_002-724x1024.jpg\" alt=\"\" class=\"wp-image-330\" style=\"width:360px;height:auto\" srcset=\"https:\/\/hausarztpraxis-leon.de\/wp-content\/uploads\/2024\/04\/Scan_002-724x1024.jpg 724w, https:\/\/hausarztpraxis-leon.de\/wp-content\/uploads\/2024\/04\/Scan_002-212x300.jpg 212w, https:\/\/hausarztpraxis-leon.de\/wp-content\/uploads\/2024\/04\/Scan_002-768x1087.jpg 768w, https:\/\/hausarztpraxis-leon.de\/wp-content\/uploads\/2024\/04\/Scan_002-1085x1536.jpg 1085w, https:\/\/hausarztpraxis-leon.de\/wp-content\/uploads\/2024\/04\/Scan_002-1447x2048.jpg 1447w, https:\/\/hausarztpraxis-leon.de\/wp-content\/uploads\/2024\/04\/Scan_002.jpg 1652w\" sizes=\"auto, (max-width: 724px) 100vw, 724px\" \/><\/figure>\n\n\n\n<h2 class=\"wp-block-heading\"><em><strong>Nachhaltige Hausarztpraxis<\/strong><\/em><\/h2>\n\n\n\n<figure class=\"wp-block-image size-large is-resized\"><img loading=\"lazy\" decoding=\"async\" width=\"718\" height=\"1024\" src=\"https:\/\/hausarztpraxis-leon.de\/wp-content\/uploads\/2025\/01\/Scan_0014-718x1024.jpg\" alt=\"\" class=\"wp-image-381\" style=\"width:359px;height:auto\" srcset=\"https:\/\/hausarztpraxis-leon.de\/wp-content\/uploads\/2025\/01\/Scan_0014-718x1024.jpg 718w, https:\/\/hausarztpraxis-leon.de\/wp-content\/uploads\/2025\/01\/Scan_0014-210x300.jpg 210w, https:\/\/hausarztpraxis-leon.de\/wp-content\/uploads\/2025\/01\/Scan_0014-768x1096.jpg 768w, https:\/\/hausarztpraxis-leon.de\/wp-content\/uploads\/2025\/01\/Scan_0014-1077x1536.jpg 1077w, https:\/\/hausarztpraxis-leon.de\/wp-content\/uploads\/2025\/01\/Scan_0014-1435x2048.jpg 1435w, https:\/\/hausarztpraxis-leon.de\/wp-content\/uploads\/2025\/01\/Scan_0014-scaled.jpg 1794w\" sizes=\"auto, (max-width: 718px) 100vw, 718px\" \/><\/figure>\n","protected":false},"excerpt":{"rendered":"<p>Diagnostik Wir bieten Ihnen eine vollst\u00e4ndige allgemeinmedizinische Diagnostik inklusive aller g\u00e4ngigen Vorsorgeuntersuchungen an. Au\u00dferdem verf\u00fcgen wir \u00fcber die Zusatzweiterbildung zur Akupunktur und durch unsere gef\u00e4\u00dfmedizinische Expertise \u00fcber erweiterte Diagnostikm\u00f6glichkeiten. Private Gesundheitsleistungen (IGeL) Therapie In unserer Praxis werden wir Sie nach dem aktuellen Stand der Medizin beraten und kompetent behandeln. Wir bieten Ihnen alle g\u00e4ngigen allgemeinmedizinischen [&hellip;]<\/p>\n","protected":false},"author":1,"featured_media":0,"parent":0,"menu_order":0,"comment_status":"closed","ping_status":"closed","template":"","meta":{"footnotes":""},"class_list":["post-13","page","type-page","status-publish","hentry","post"],"jetpack_sharing_enabled":true,"_links":{"self":[{"href":"https:\/\/hausarztpraxis-leon.de\/index.php?rest_route=\/wp\/v2\/pages\/13","targetHints":{"allow":["GET"]}}],"collection":[{"href":"https:\/\/hausarztpraxis-leon.de\/index.php?rest_route=\/wp\/v2\/pages"}],"about":[{"href":"https:\/\/hausarztpraxis-leon.de\/index.php?rest_route=\/wp\/v2\/types\/page"}],"author":[{"embeddable":true,"href":"https:\/\/hausarztpraxis-leon.de\/index.php?rest_route=\/wp\/v2\/users\/1"}],"replies":[{"embeddable":true,"href":"https:\/\/hausarztpraxis-leon.de\/index.php?rest_route=%2Fwp%2Fv2%2Fcomments&post=13"}],"version-history":[{"count":13,"href":"https:\/\/hausarztpraxis-leon.de\/index.php?rest_route=\/wp\/v2\/pages\/13\/revisions"}],"predecessor-version":[{"id":473,"href":"https:\/\/hausarztpraxis-leon.de\/index.php?rest_route=\/wp\/v2\/pages\/13\/revisions\/473"}],"wp:attachment":[{"href":"https:\/\/hausarztpraxis-leon.de\/index.php?rest_route=%2Fwp%2Fv2%2Fmedia&parent=13"}],"curies":[{"name":"wp","href":"https:\/\/api.w.org\/{rel}","templated":true}]}}